{"id":8040,"date":"2017-09-06T12:25:39","date_gmt":"2017-09-06T12:25:39","guid":{"rendered":"https:\/\/www.loman.pl\/privacy-policy\/"},"modified":"2020-09-24T16:10:26","modified_gmt":"2020-09-24T16:10:26","slug":"privacy-policy","status":"publish","type":"page","link":"https:\/\/www.loman.pl\/en\/privacy-policy\/","title":{"rendered":"Privacy Policy"},"content":{"rendered":"<p><strong>Dear User! <\/strong><br \/>\nWe are committed to protecting your privacy and want you to feel comfortable while using our services. This is why we would like to present to you the most important information on principles regarding the processing of your personal data and cookies used by our Shop.<br \/>\nThis information was prepared in compliance with the GDPR \u2013 the General Data Protection Regulation.<\/p>\n<p><strong>\uf004 PERSONAL DATA CONTROLLER<\/strong><\/p>\n<p>LOMAN Sp\u00f3\u0142ka z ograniczon\u0105 odpowiedzialno\u015bci\u0105 [limited liability company] with its registered seat located at ul. Wapienicka 20, (43-382) Bielsko Bia\u0142a, entered into the National Court Register [KRS] \u2013 Register of Entrepreneurs kept by the District Court in Bielsko-Bia\u0142a, 7th Commercial Division of the National Court Register under KRS number: 0000290682, NIP [Tax Identification Number]: 5472078236, REGON [National Business Registry Number]: 24075701300000, share capital: PLN 50 000,00.<br \/>\nIf you want to contact us in relation to the processing of your personal data, please write to us by e-mail: anna@loman.pl<\/p>\n<p><strong>\uf00b PERSONAL DATA AND PRIVACY<\/strong><\/p>\n<p>We process your data for the purposes related to the functioning of the Shop and the provision of the services it offers. Below you will find specific information about the processing of your data depending on the actions you take.<\/p>\n<p><strong>\uf00b WE PROCESS YOUR PERSONAL DATA IN THE FOLLOWING SITUATIONS:<\/strong><\/p>\n<p><em>when you place an order or take action to place it<\/em><br \/>\n<strong>The purpose of data processing<\/strong><br \/>\nprocessing of your order<br \/>\nour compliance with legal obligations related to accountancy<br \/>\n<strong>On what basis?<\/strong><br \/>\nthe sales agreement or activities are undertaken on your request aiming at its conclusion (Article 6 (1) (b) of the GDPR),<br \/>\nour legal obligation related to accountancy (Article 6(1)(c) of the GDPR)<br \/>\n<strong>How long?<\/strong><br \/>\nuntil we fully process your order*<br \/>\nuntil the legal obligation related to accountancy ceases to apply to us *<br \/>\n<strong>What happens if I do not provide data?<\/strong><br \/>\nlack of possibility to place an order<\/p>\n<p><em>when you sign up for the newsletter or take action to sign up<\/em><br \/>\n<strong>The purpose of data processing<\/strong><br \/>\nour sending of information related to our activities<br \/>\n<strong>On what basis?<\/strong><br \/>\nan agreement on the provision of newsletter services or activities undertaken on your request aiming at its conclusion (Article 6 (1) (b) of the GDPR)<br \/>\n<strong>How long?<\/strong><br \/>\nuntil you unsubscribe from the newsletter *<br \/>\n<strong>What happens if I do not provide data?<\/strong><br \/>\nlack of possibility to receive the newsletter<\/p>\n<p><em>when you agree to receive marketing content<\/em><br \/>\n<strong>The purpose of data processing<\/strong><br \/>\ndirect marketing consisting of sending information about current promotions and the offer available in the Shop<br \/>\n<strong>On what basis?<\/strong><br \/>\nArticle 6 (1)(a) of the GPDR<br \/>\n<strong>How long?<\/strong><br \/>\nuntil you withdraw your consent \u2013 remember that you can withdraw your consent at any time. Processing of data until you withdraw your consent is compliant with the law *<br \/>\n<strong>What happens if I do not provide data?<\/strong><br \/>\nlack of possibility to receive information about promotions or special offers offered in the Shop<\/p>\n<p><em>when you make contact with us<\/em><br \/>\n(i.e. to ask a question)<\/p>\n<p><strong>The purpose of data processing<\/strong><br \/>\nprocessing of your inquiries or submissions<br \/>\n<strong>On what basis?<\/strong><br \/>\nagreement or actions were taken at your request to conclude it (Article 6 (1) (b) of the GDPR) \u2013 if your inquiry or notification concerns an agreement that we are or maybe a party to<br \/>\nour legitimate interest in processing your data is to communicate with you (Article 6 (1) (f) of the GDPR) \u2013 if your inquiry or notification is not related to the agreement<br \/>\n<strong>How long?<\/strong><br \/>\nuntil we fully process your order or &#8211; if the agreement is not concluded &#8211; until we fully handle your request *<br \/>\n365 days or until we accept your objection to the processing *\/**<br \/>\n<strong>What happens if I do not provide data?<\/strong><br \/>\nwe will not be able to respond to your inquiry or application<\/p>\n<p><em>when you enter our website with browser settings allowing you to conduct marketing activities<\/em><br \/>\n<strong>The purpose of data processing<\/strong><br \/>\ndirect marketing based on displaying personalized ads (for more information see the &#8220;Marketing Activities&#8221; and &#8220;Cookies&#8221; sections of the Privacy Policy).<br \/>\n<strong>On what basis?<\/strong><br \/>\nour legitimate interest consisting in the processing of data for the purposes mentioned above (Article 6 (1) (f) of the GDPR)<br \/>\n<strong>How long?<\/strong><br \/>\nuntil the cookie validity expires or until we accept your objection to the processing *\/**<br \/>\n<strong>What happens if I do not provide data?<\/strong><br \/>\nlack of possibility to receive suggestions of products or services which you may be interested in<\/p>\n<p><em>when you enter our site with browser settings allowing you for conducting analytical activities<\/em><br \/>\n<strong>The purpose of data processing<\/strong><br \/>\nanalysis of how you use and navigate the Shop&#8217;s website in order to adapt the website to the needs and behavior of Users (for more on information read the &#8220;Analytical Activities&#8221; and &#8220;Cookies&#8221; sections of the Privacy Policy)<br \/>\n<strong>On what basis?<\/strong><br \/>\nour legitimate interest consisting in the processing of data for the purposes mentioned above (Article 6 (1) (f) of the GDPR)<br \/>\n<strong>How long?<\/strong><br \/>\nuntil the cookie validity expires or until we accept your objection to the processing *\/**<br \/>\n<strong>What happens if I do not provide data?<\/strong><br \/>\nwe will not take your preferences into consideration regarding the use of the Shop in the works on its affordability and intuitiveness<\/p>\n<p><em>* when you take action which may result in claims related to the Shop or our services<\/em><br \/>\n<strong>The purpose of data processing<\/strong><br \/>\ndetermination, investigation, or defense of claims by the Parties related to the concluded agreement or services provided<br \/>\n<strong>On what basis?<\/strong><br \/>\nour legitimate interest consisting in the processing of data for the purpose indicated above (Article 6 (1) (f) of the GDPR)<br \/>\n<strong>How long?<\/strong><br \/>\nuntil the statute of limitation on claims expires or until we accept your objection to the processing **<br \/>\n<strong>What happens if I do not provide data?<\/strong><br \/>\nlack of possibility to determine, assert or defend claims<\/p>\n<p><em>** depending on whichever is applicable in that case and whichever earlier.<\/em><\/p>\n<p><strong>\uf6ca MARKETING ACTIVITIES<\/strong><\/p>\n<p>We profile our customers within the Shop. Profiling is based on automatic evaluation of what products or services you may be interested in, using information about the pages displayed by you. Thanks to this, product or service advertisements displayed in the Shop will be more suited to you and to your needs.<br \/>\nThe kind of profiling we carry out does not lead to making decisions that would have legal effects for you or would affect you in any similarly relevant way.<\/p>\n<p><strong>\uf6ca ANALYTICAL ACTIVITIES<\/strong><\/p>\n<p>As part of the Shop, we conduct analytical activities aimed at increasing its intuitiveness and accessibility \u2013 this takes place if your browser settings allow such activities. As part of the analysis, we will take into consideration the way you navigate the Shop, for example, how much time you spend on a given subpage, or in which places you click in the Shop. Thanks to this, we can customize the layout and appearance of the Shop and the content we posted in it to the needs of Users.<\/p>\n<p><strong>\uf341 DATA SAFETY<\/strong><\/p>\n<p>While processing your personal data, we use organizational and technical measures that comply with the relevant provisions of law, including encrypting the connection with the use of an SSL certificate.<\/p>\n<p><strong>\uf64a YOUR RIGHTS<\/strong><\/p>\n<p>You have the right to:<br \/>\n\uf30b access your personal data (Article 15 of the GDPR),<br \/>\n\uf631 correct them (Article 16 of the GDPR),<br \/>\n\uf5e8 delete them (Article 17 of the GDPR),<br \/>\n\uf5e8 limit their processing (Article 18 of the GDPR),<br \/>\n\uf252 transfer data to another administrator (Article 20 of the GDPR)<\/p>\n<p>Also, you have the right to:<br \/>\n\uf157 object to the processing of your data at any time:<br \/>\n\u2022 for reasons related to your particular situation \u2013 regarding the processing of your personal data in accordance with Article 6 (1) (f) of the GDPR (i.e. based on the legally justified interests realized by us), including profiling (Article 21 (1) of the GDPR);<br \/>\n\u2022 if the personal data are processed for direct marketing purposes, including profiling, within the scope in which the processing is related to such direct marketing (Article 21 (2) of the GDPR).<br \/>\nPlease contact us if you want to exercise your rights. The objection to the use of cookies by us (about which you can read below) can be expressed, in particular, through the appropriate browser settings.<br \/>\nIf you think that your data are processed unlawfully, you can submit a complaint to the supervisory authority.<\/p>\n<p><strong>\uf198 COOKIES<\/strong><\/p>\n<p>This Shop, just like most internet websites, uses the so-called cookies. These cookies:<br \/>\n\u2022 are stored in the memory of your device (computer, mobile phone, etc.);<br \/>\n\u2022 allow you I .a. to use all functions of the Shop available for you;<br \/>\n\u2022 do not introduce any changes in the settings of your device.<br \/>\nUsing the appropriate options of your browser, you can, at any time:<br \/>\n\u2022 delete cookies,<br \/>\n\u2022 block the use of cookies in the future.<br \/>\nIn this Shop, cookies are used for the purposes of:<br \/>\n\u2022 remembering information about your session,<br \/>\n\u2022 collecting statistical data,<br \/>\n\u2022 collecting marketing data,<br \/>\n\u2022 making the functions of the Shop available.<br \/>\nTo learn how to manage cookies and disable them in your browser, you can use the help files of your browser. You can get more information about this topic by pressing F1 while using the browser. Additionally, you can find relevant information on the following subpages, depending on the browser you use:<br \/>\n\u2022 Firefox<br \/>\n\u2022 Chrome<br \/>\n\u2022 Safari<br \/>\n\u2022 Internet Explorer \/ Microsoft Edge<br \/>\nIf you do not disable the use of cookies in your browser settings, this means that you agree to their use.<br \/>\nCookies will not be processed by us for more than 365 days.<br \/>\nCookies from the Shop are used by entities providing marketing and analytical services \u2013 you will learn more from the table below.<br \/>\nMore information on cookies is available on Wikipedia.<\/p>\n<p><strong>\uf207 EXTERNAL SERVICES \/ DATA RECIPIENTS<\/strong><\/p>\n<p>We use the services of external entities that support us in running our business. We entrust them with the processing of your data \u2013 these entities process data only on our documented command.<br \/>\nBelow you will find a list of recipients of your data:<br \/>\nACTIVITY<br \/>\nDATA RECEIVERS<br \/>\nDATA TRANSMISSION OUTSIDE THE EUROPEAN UNION<br \/>\nevery action in relation to the Shop<br \/>\nsoftware supplier necessary for running an online Shop<br \/>\ndoes not take place<\/p>\n<p>the entity providing us with technical support<br \/>\ndoes not take place<br \/>\nsending a newsletter<br \/>\nprovider of a mailing system<br \/>\ndoes not take place<br \/>\ndetails of your order fulfillment<br \/>\ncompetent public authorities (within the scope in which we are obliged to make data available to them)<\/p>\n<p>does not take place<\/p>\n<p>payment providers<br \/>\ndoes not take place<\/p>\n<p>entities performing product delivery<br \/>\ndoes not take place<\/p>\n<p>persons cooperating with us on the basis of civil law agreements, supporting our everyday activity<br \/>\ndoes not take place<br \/>\nyou making contact with us (i.e. to ask a question)<\/p>\n<p>entities providing mailing services and e-mail inbox<br \/>\ndoes not take place<\/p>\n<p>persons cooperating with us on the basis of civil law agreements, supporting our everyday activity<br \/>\ndoes not take place<br \/>\nyou entering the Shop&#8217;s website with browser settings that allow us to carry out direct marketing<br \/>\nan entity that allows us to conduct direct marketing based on the content you display<br \/>\nyes \u2013 United States *<br \/>\nyou entering the Shop&#8217;s website with browser settings that allow us to carry out analytical activities<br \/>\nan entity that allows conducting analytical activities based on your way of moving around in the Shop<br \/>\nyes \u2013 United States *<\/p>\n<p><strong>\uf46a TRANSFER OF PERSONAL DATA TO COUNTRIES OUTSIDE THE EUROPEAN UNION<\/strong><\/p>\n<p>* Your personal data will also be processed by entities from outside the European Union \u2013 in cases which have been marked with an asterisk in the above table. An adequate level of protection of data processing, including through the use of appropriate security measures, ensures the participation of these entities in the EU-US Privacy Shield, established by an implementing decision of the European Commission as a set of rules guaranteeing appropriate privacy of your protection.<\/p>\n","protected":false},"excerpt":{"rendered":"<p>Dear User! We are committed to protecting your privacy and want you to feel comfortable while using our services. This is why we would like to present to you the most important information on principles regarding the processing of your personal data and cookies used by our Shop. This information was prepared in compliance with [&hellip;]<\/p>\n","protected":false},"author":1,"featured_media":0,"parent":0,"menu_order":0,"comment_status":"closed","ping_status":"closed","template":"","meta":{"_acf_changed":false,"footnotes":""},"class_list":["post-8040","page","type-page","status-publish","hentry"],"acf":[],"yoast_head":"<!-- This site is optimized with the Yoast SEO plugin v25.4 - https:\/\/yoast.com\/wordpress\/plugins\/seo\/ -->\n<title>Privacy Policy - LOMAN - Czapki i Szale<\/title>\n<meta name=\"robots\" content=\"index, follow, max-snippet:-1, max-image-preview:large, max-video-preview:-1\" \/>\n<link rel=\"canonical\" href=\"https:\/\/www.loman.pl\/en\/privacy-policy\/\" \/>\n<meta property=\"og:locale\" content=\"en_US\" \/>\n<meta property=\"og:type\" content=\"article\" \/>\n<meta property=\"og:title\" content=\"Privacy Policy - LOMAN - Czapki i Szale\" \/>\n<meta property=\"og:description\" content=\"Dear User! We are committed to protecting your privacy and want you to feel comfortable while using our services. This is why we would like to present to you the most important information on principles regarding the processing of your personal data and cookies used by our Shop. This information was prepared in compliance with [&hellip;]\" \/>\n<meta property=\"og:url\" content=\"https:\/\/www.loman.pl\/en\/privacy-policy\/\" \/>\n<meta property=\"og:site_name\" content=\"LOMAN - Czapki i Szale\" \/>\n<meta property=\"article:modified_time\" content=\"2020-09-24T16:10:26+00:00\" \/>\n<meta name=\"twitter:card\" content=\"summary_large_image\" \/>\n<meta name=\"twitter:label1\" content=\"Est. reading time\" \/>\n\t<meta name=\"twitter:data1\" content=\"9 minutes\" \/>\n<script type=\"application\/ld+json\" class=\"yoast-schema-graph\">{\"@context\":\"https:\/\/schema.org\",\"@graph\":[{\"@type\":\"WebPage\",\"@id\":\"https:\/\/www.loman.pl\/en\/privacy-policy\/\",\"url\":\"https:\/\/www.loman.pl\/en\/privacy-policy\/\",\"name\":\"Privacy Policy - LOMAN - Czapki i Szale\",\"isPartOf\":{\"@id\":\"https:\/\/www.loman.pl\/en\/#website\"},\"datePublished\":\"2017-09-06T12:25:39+00:00\",\"dateModified\":\"2020-09-24T16:10:26+00:00\",\"breadcrumb\":{\"@id\":\"https:\/\/www.loman.pl\/en\/privacy-policy\/#breadcrumb\"},\"inLanguage\":\"en-US\",\"potentialAction\":[{\"@type\":\"ReadAction\",\"target\":[\"https:\/\/www.loman.pl\/en\/privacy-policy\/\"]}]},{\"@type\":\"BreadcrumbList\",\"@id\":\"https:\/\/www.loman.pl\/en\/privacy-policy\/#breadcrumb\",\"itemListElement\":[{\"@type\":\"ListItem\",\"position\":1,\"name\":\"Strona g\u0142\u00f3wna\",\"item\":\"https:\/\/www.loman.pl\/en\/\"},{\"@type\":\"ListItem\",\"position\":2,\"name\":\"Privacy Policy\"}]},{\"@type\":\"WebSite\",\"@id\":\"https:\/\/www.loman.pl\/en\/#website\",\"url\":\"https:\/\/www.loman.pl\/en\/\",\"name\":\"LOMAN - Czapki i Szale\",\"description\":\"Producent wyrob\u00f3w dziewiarskich\",\"potentialAction\":[{\"@type\":\"SearchAction\",\"target\":{\"@type\":\"EntryPoint\",\"urlTemplate\":\"https:\/\/www.loman.pl\/en\/?s={search_term_string}\"},\"query-input\":{\"@type\":\"PropertyValueSpecification\",\"valueRequired\":true,\"valueName\":\"search_term_string\"}}],\"inLanguage\":\"en-US\"}]}<\/script>\n<!-- \/ Yoast SEO plugin. -->","yoast_head_json":{"title":"Privacy Policy - LOMAN - Czapki i Szale","robots":{"index":"index","follow":"follow","max-snippet":"max-snippet:-1","max-image-preview":"max-image-preview:large","max-video-preview":"max-video-preview:-1"},"canonical":"https:\/\/www.loman.pl\/en\/privacy-policy\/","og_locale":"en_US","og_type":"article","og_title":"Privacy Policy - LOMAN - Czapki i Szale","og_description":"Dear User! We are committed to protecting your privacy and want you to feel comfortable while using our services. This is why we would like to present to you the most important information on principles regarding the processing of your personal data and cookies used by our Shop. This information was prepared in compliance with [&hellip;]","og_url":"https:\/\/www.loman.pl\/en\/privacy-policy\/","og_site_name":"LOMAN - Czapki i Szale","article_modified_time":"2020-09-24T16:10:26+00:00","twitter_card":"summary_large_image","twitter_misc":{"Est. reading time":"9 minutes"},"schema":{"@context":"https:\/\/schema.org","@graph":[{"@type":"WebPage","@id":"https:\/\/www.loman.pl\/en\/privacy-policy\/","url":"https:\/\/www.loman.pl\/en\/privacy-policy\/","name":"Privacy Policy - LOMAN - Czapki i Szale","isPartOf":{"@id":"https:\/\/www.loman.pl\/en\/#website"},"datePublished":"2017-09-06T12:25:39+00:00","dateModified":"2020-09-24T16:10:26+00:00","breadcrumb":{"@id":"https:\/\/www.loman.pl\/en\/privacy-policy\/#breadcrumb"},"inLanguage":"en-US","potentialAction":[{"@type":"ReadAction","target":["https:\/\/www.loman.pl\/en\/privacy-policy\/"]}]},{"@type":"BreadcrumbList","@id":"https:\/\/www.loman.pl\/en\/privacy-policy\/#breadcrumb","itemListElement":[{"@type":"ListItem","position":1,"name":"Strona g\u0142\u00f3wna","item":"https:\/\/www.loman.pl\/en\/"},{"@type":"ListItem","position":2,"name":"Privacy Policy"}]},{"@type":"WebSite","@id":"https:\/\/www.loman.pl\/en\/#website","url":"https:\/\/www.loman.pl\/en\/","name":"LOMAN - Czapki i Szale","description":"Producent wyrob\u00f3w dziewiarskich","potentialAction":[{"@type":"SearchAction","target":{"@type":"EntryPoint","urlTemplate":"https:\/\/www.loman.pl\/en\/?s={search_term_string}"},"query-input":{"@type":"PropertyValueSpecification","valueRequired":true,"valueName":"search_term_string"}}],"inLanguage":"en-US"}]}},"_links":{"self":[{"href":"https:\/\/www.loman.pl\/en\/wp-json\/wp\/v2\/pages\/8040","targetHints":{"allow":["GET"]}}],"collection":[{"href":"https:\/\/www.loman.pl\/en\/wp-json\/wp\/v2\/pages"}],"about":[{"href":"https:\/\/www.loman.pl\/en\/wp-json\/wp\/v2\/types\/page"}],"author":[{"embeddable":true,"href":"https:\/\/www.loman.pl\/en\/wp-json\/wp\/v2\/users\/1"}],"replies":[{"embeddable":true,"href":"https:\/\/www.loman.pl\/en\/wp-json\/wp\/v2\/comments?post=8040"}],"version-history":[{"count":1,"href":"https:\/\/www.loman.pl\/en\/wp-json\/wp\/v2\/pages\/8040\/revisions"}],"predecessor-version":[{"id":12837,"href":"https:\/\/www.loman.pl\/en\/wp-json\/wp\/v2\/pages\/8040\/revisions\/12837"}],"wp:attachment":[{"href":"https:\/\/www.loman.pl\/en\/wp-json\/wp\/v2\/media?parent=8040"}],"curies":[{"name":"wp","href":"https:\/\/api.w.org\/{rel}","templated":true}]}}